{"id":228,"date":"2019-01-31T13:43:44","date_gmt":"2019-01-31T12:43:44","guid":{"rendered":"https:\/\/dnevi-avtomatike.si\/?page_id=228"},"modified":"2024-03-28T09:58:58","modified_gmt":"2024-03-28T08:58:58","slug":"ekipa","status":"publish","type":"page","link":"https:\/\/dnevi-avtomatike.si\/?page_id=228","title":{"rendered":"KONTAKT"},"content":{"rendered":"\n<p class=\"has-text-align-center\"><strong>Dogodek Dnevi Avtomatike poteka pod okriljem:<\/strong><\/p>\n\n\n\n<p class=\"has-text-align-center has-medium-font-size\"><strong><a href=\"http:\/\/lak.fe.uni-lj.si\">Laboratorija za avtomatiko in kibernetiko<\/a><\/strong><\/p>\n\n\n\n<div style=\"height:50px\" aria-hidden=\"true\" class=\"wp-block-spacer\"><\/div>\n\n\n\n<p class=\"has-text-align-center\"><strong>Organizacija dogodka: <\/strong><\/p>\n\n\n\n<p class=\"has-text-align-center\"><strong><a href=\"mailto:igor.skrjanc@fe.uni-lj.si\">prof. dr. Igor \u0160krjanc<\/a><\/strong><\/p>\n\n\n\n<p class=\"has-text-align-center\"><strong><a rel=\"noreferrer noopener\" href=\"mailto:%20vito.logar@fe.uni-lj.si\" target=\"_blank\">doc. dr. Vito Logar<\/a><\/strong><\/p>\n\n\n\n<div style=\"height:50px\" aria-hidden=\"true\" class=\"wp-block-spacer\"><\/div>\n\n\n\n<p class=\"has-text-align-center\"><strong>Izvedba tekmovanj:&nbsp;<\/strong><\/p>\n\n\n\n<p class=\"has-text-align-center\"><a rel=\"noreferrer noopener\" aria-label=\"as. dr. Goran Andonovski (opens in a new tab)\" href=\"mailto:goran.andonovski@fe.uni-lj.si\" target=\"_blank\"><strong>as. dr. Goran Andonovski<\/strong><\/a><\/p>\n\n\n\n<p class=\"has-text-align-center\"><a rel=\"noreferrer noopener\" aria-label=\"as. dr. Simon Toma\u017ei\u010d (opens in a new tab)\" href=\"mailto:simon.tomazic@fe.uni-lj.si\" target=\"_blank\"><strong>doc. dr. Simon Toma\u017ei\u010d<\/strong><\/a><\/p>\n\n\n\n<p class=\"has-text-align-center\"><a rel=\"noreferrer noopener\" aria-label=\"as. dr. Andrej Zde\u0161ar (opens in a new tab)\" href=\"mailto:andrej.zdesar@fe.uni-lj.si\" target=\"_blank\"><strong>doc. dr. Andrej Zde\u0161ar<\/strong><\/a><\/p>\n\n\n\n<p class=\"has-text-align-center\"><strong><a href=\"mailto:matevz.bosnak@fe.uni-lj.si\" target=\"_blank\" rel=\"noreferrer noopener\" aria-label=\" (opens in a new tab)\">as. dr. Matev\u017e Bo\u0161nak<\/a><\/strong><\/p>\n\n\n\n<p class=\"has-text-align-center\">Vabimo vse zainteresirane \u0161tudente naj nas kontaktirajo, v kolikor \u017eelijo sodelovati pri organizaciji dogodka.<\/p>\n","protected":false},"excerpt":{"rendered":"<p>Dogodek Dnevi Avtomatike poteka pod okriljem: Laboratorija za avtomatiko in kibernetiko Organizacija dogodka: prof. dr. Igor \u0160krjanc doc. dr. Vito Logar Izvedba tekmovanj:&nbsp; as. dr. Goran Andonovski doc. dr. Simon Toma\u017ei\u010d doc. dr. Andrej Zde\u0161ar as. dr. Matev\u017e Bo\u0161nak Vabimo vse zainteresirane \u0161tudente naj nas kontaktirajo, v kolikor \u017eelijo sodelovati pri organizaciji dogodka.<\/p>\n","protected":false},"author":4,"featured_media":0,"parent":0,"menu_order":0,"comment_status":"closed","ping_status":"closed","template":"","meta":[],"_links":{"self":[{"href":"https:\/\/dnevi-avtomatike.si\/index.php?rest_route=\/wp\/v2\/pages\/228"}],"collection":[{"href":"https:\/\/dnevi-avtomatike.si\/index.php?rest_route=\/wp\/v2\/pages"}],"about":[{"href":"https:\/\/dnevi-avtomatike.si\/index.php?rest_route=\/wp\/v2\/types\/page"}],"author":[{"embeddable":true,"href":"https:\/\/dnevi-avtomatike.si\/index.php?rest_route=\/wp\/v2\/users\/4"}],"replies":[{"embeddable":true,"href":"https:\/\/dnevi-avtomatike.si\/index.php?rest_route=%2Fwp%2Fv2%2Fcomments&post=228"}],"version-history":[{"count":16,"href":"https:\/\/dnevi-avtomatike.si\/index.php?rest_route=\/wp\/v2\/pages\/228\/revisions"}],"predecessor-version":[{"id":8661,"href":"https:\/\/dnevi-avtomatike.si\/index.php?rest_route=\/wp\/v2\/pages\/228\/revisions\/8661"}],"wp:attachment":[{"href":"https:\/\/dnevi-avtomatike.si\/index.php?rest_route=%2Fwp%2Fv2%2Fmedia&parent=228"}],"curies":[{"name":"wp","href":"https:\/\/api.w.org\/{rel}","templated":true}]}}