{"id":270,"date":"2019-02-04T10:25:55","date_gmt":"2019-02-04T09:25:55","guid":{"rendered":"https:\/\/dnevi-avtomatike.si\/?page_id=270"},"modified":"2026-04-15T12:38:20","modified_gmt":"2026-04-15T11:38:20","slug":"dnevi-avtomatike","status":"publish","type":"page","link":"https:\/\/dnevi-avtomatike.si\/?page_id=270","title":{"rendered":"Dnevi avtomatike"},"content":{"rendered":"\n<p><strong>Dnevov avtomatike in umetne inteligence \u2013 pridru\u017eite se nam!<\/strong><\/p>\n\n\n\n<p>Fakulteta za elektrotehniko v Ljubljani bo <strong>21. aprila 2026<\/strong> \u017ee <strong>enajsti\u010d <\/strong>gostila <strong>Dneve avtomatike in umetne inteligence<\/strong>, ki jih organizira <strong>Katedra za sisteme, avtomatiko in kibernetiko<\/strong>. Dogodek povezuje inovacije, znanje in industrijo ter odpira vrata v prihodnost sodobne avtomatizacije in umetne inteligence.<br><br>Osrednji dogodek bo tekmovanje <strong>FuzbAI<\/strong>, v katerem se bodo \u0161tudentske ekipe pomerile v razvoju naprednih algoritmov za vodenje avtomatiziranega namiznega nogometa, pri \u010demer bodo uporabljali metode <strong>strojnega u\u010denja<\/strong>, modele <strong>umetnih nevronskih omre\u017eij<\/strong> in metode <strong>spodbujevalnega u\u010denja<\/strong>.<br><br>Izvedena bo tudi prakti\u010dna delavnica \u00bb<strong>Uporaba ChatGPT za in\u017eenirje<\/strong>\u00ab, v okviru katere se bodo udele\u017eenci seznanili, kako lahko strokovnjaki pri svojem delu uporabijo napredne mo\u017enosti tega orodja, ki sicer \u0161ir\u0161i javnosti niso znane. Obiskovalci si bodo lahko ogledali tudi demonstracije tehnologij <strong>generativne biometri\u010dne umetne inteligence<\/strong> z vse ve\u010djim vplivom na dru\u017ebo, in sicer ustvarjanje <strong>globokih ponaredkov obraznih slik<\/strong> ter <strong>zlivanje obraznih slik<\/strong>, kjer se zdru\u017eijo obrazne zna\u010dilnosti dveh ali ve\u010d oseb v novo, sinteti\u010dno obrazno podobo.<br><br>Poleg tega bodo na dogodku <strong>vodilna slovenska podjetja delila svoje izku\u0161nje in zgodbe s podro\u010dja avtomatizacije in umetne inteligence<\/strong>, kar predstavlja odli\u010dno prilo\u017enost za vpogled v aktualne trende in omogo\u010da povezovanje s strokovnjaki.<\/p>\n\n\n\n<p class=\"has-x-large-font-size\">Partnerji dogodka<\/p>\n\n\n\n<figure class=\"wp-block-image size-large\"><img loading=\"lazy\" width=\"1024\" height=\"924\" src=\"https:\/\/dnevi-avtomatike.si\/wp-content\/uploads\/2026\/04\/vsi_sponzorji-1-1024x924.png\" alt=\"\" class=\"wp-image-8919\" srcset=\"https:\/\/dnevi-avtomatike.si\/wp-content\/uploads\/2026\/04\/vsi_sponzorji-1-1024x924.png 1024w, https:\/\/dnevi-avtomatike.si\/wp-content\/uploads\/2026\/04\/vsi_sponzorji-1-300x271.png 300w, https:\/\/dnevi-avtomatike.si\/wp-content\/uploads\/2026\/04\/vsi_sponzorji-1-768x693.png 768w, https:\/\/dnevi-avtomatike.si\/wp-content\/uploads\/2026\/04\/vsi_sponzorji-1-1536x1386.png 1536w, https:\/\/dnevi-avtomatike.si\/wp-content\/uploads\/2026\/04\/vsi_sponzorji-1-2048x1848.png 2048w\" sizes=\"(max-width: 1024px) 100vw, 1024px\" \/><\/figure>\n\n\n<div class=\"wp-block-image\">\n<figure class=\"aligncenter size-full\"><img loading=\"lazy\" width=\"921\" height=\"142\" src=\"https:\/\/dnevi-avtomatike.si\/wp-content\/uploads\/2024\/01\/Avtomatiki-vodimo-svet-na-bolje-2.png\" alt=\"\" class=\"wp-image-8533\" srcset=\"https:\/\/dnevi-avtomatike.si\/wp-content\/uploads\/2024\/01\/Avtomatiki-vodimo-svet-na-bolje-2.png 921w, https:\/\/dnevi-avtomatike.si\/wp-content\/uploads\/2024\/01\/Avtomatiki-vodimo-svet-na-bolje-2-300x46.png 300w, https:\/\/dnevi-avtomatike.si\/wp-content\/uploads\/2024\/01\/Avtomatiki-vodimo-svet-na-bolje-2-768x118.png 768w\" sizes=\"(max-width: 921px) 100vw, 921px\" \/><\/figure><\/div>\n\n\n<div style=\"height:46px\" aria-hidden=\"true\" class=\"wp-block-spacer\"><\/div>\n","protected":false},"excerpt":{"rendered":"<p>Dnevov avtomatike in umetne inteligence \u2013 pridru\u017eite se nam! Fakulteta za elektrotehniko v Ljubljani bo 21. aprila 2026 \u017ee enajsti\u010d gostila Dneve avtomatike in umetne inteligence, ki jih organizira Katedra za sisteme, avtomatiko in kibernetiko. Dogodek povezuje inovacije, znanje in industrijo ter odpira vrata v prihodnost sodobne avtomatizacije in umetne inteligence. Osrednji dogodek bo tekmovanje [&hellip;]<\/p>\n","protected":false},"author":4,"featured_media":0,"parent":0,"menu_order":0,"comment_status":"closed","ping_status":"closed","template":"","meta":[],"_links":{"self":[{"href":"https:\/\/dnevi-avtomatike.si\/index.php?rest_route=\/wp\/v2\/pages\/270"}],"collection":[{"href":"https:\/\/dnevi-avtomatike.si\/index.php?rest_route=\/wp\/v2\/pages"}],"about":[{"href":"https:\/\/dnevi-avtomatike.si\/index.php?rest_route=\/wp\/v2\/types\/page"}],"author":[{"embeddable":true,"href":"https:\/\/dnevi-avtomatike.si\/index.php?rest_route=\/wp\/v2\/users\/4"}],"replies":[{"embeddable":true,"href":"https:\/\/dnevi-avtomatike.si\/index.php?rest_route=%2Fwp%2Fv2%2Fcomments&post=270"}],"version-history":[{"count":22,"href":"https:\/\/dnevi-avtomatike.si\/index.php?rest_route=\/wp\/v2\/pages\/270\/revisions"}],"predecessor-version":[{"id":8921,"href":"https:\/\/dnevi-avtomatike.si\/index.php?rest_route=\/wp\/v2\/pages\/270\/revisions\/8921"}],"wp:attachment":[{"href":"https:\/\/dnevi-avtomatike.si\/index.php?rest_route=%2Fwp%2Fv2%2Fmedia&parent=270"}],"curies":[{"name":"wp","href":"https:\/\/api.w.org\/{rel}","templated":true}]}}