{"id":273,"date":"2019-02-04T10:32:07","date_gmt":"2019-02-04T09:32:07","guid":{"rendered":"https:\/\/dnevi-avtomatike.si\/?page_id=273"},"modified":"2019-02-04T10:39:25","modified_gmt":"2019-02-04T09:39:25","slug":"pridobivanje-novih-znanj","status":"publish","type":"page","link":"https:\/\/dnevi-avtomatike.si\/?page_id=273","title":{"rendered":"Pridobivanje novih znanj"},"content":{"rendered":"\n<p>Si \u017eeli\u0161 pridobiti nova znanja s podro\u010dja avtomatike ali avtonomnih mobilnih sistemov?<\/p>\n\n\n\n<p>Znanja s podro\u010dja avtomatike omogo\u010dajo na\u010drtovanje ra\u010dunalni\u0161kih sistemov za spremljanje, nadzor in avtomatsko vodenje procesov v naj\u0161ir\u0161em pomenu besede. Znanja so neobhodna pri optimiranju in vodenju procesnih, proizvodnih in logisti\u010dnih sistemov, na podro\u010djih razvoja robotskih in avtonomnih mobilnih sistemov, pri na\u010drtovanju inteligentnih sistemov, biometri\u010dnih sistemov, v biomedicinski tehniki ter na \u0161tevilnih drugih interdisciplinarnih podro\u010djih. <\/p>\n","protected":false},"excerpt":{"rendered":"<p>Si \u017eeli\u0161 pridobiti nova znanja s podro\u010dja avtomatike ali avtonomnih mobilnih sistemov? Znanja s podro\u010dja avtomatike omogo\u010dajo na\u010drtovanje ra\u010dunalni\u0161kih sistemov za spremljanje, nadzor in avtomatsko vodenje procesov v naj\u0161ir\u0161em pomenu besede. Znanja so neobhodna pri optimiranju in vodenju procesnih, proizvodnih in logisti\u010dnih sistemov, na podro\u010djih razvoja robotskih in avtonomnih mobilnih sistemov, pri na\u010drtovanju inteligentnih sistemov, [&hellip;]<\/p>\n","protected":false},"author":4,"featured_media":0,"parent":0,"menu_order":0,"comment_status":"closed","ping_status":"closed","template":"","meta":[],"_links":{"self":[{"href":"https:\/\/dnevi-avtomatike.si\/index.php?rest_route=\/wp\/v2\/pages\/273"}],"collection":[{"href":"https:\/\/dnevi-avtomatike.si\/index.php?rest_route=\/wp\/v2\/pages"}],"about":[{"href":"https:\/\/dnevi-avtomatike.si\/index.php?rest_route=\/wp\/v2\/types\/page"}],"author":[{"embeddable":true,"href":"https:\/\/dnevi-avtomatike.si\/index.php?rest_route=\/wp\/v2\/users\/4"}],"replies":[{"embeddable":true,"href":"https:\/\/dnevi-avtomatike.si\/index.php?rest_route=%2Fwp%2Fv2%2Fcomments&post=273"}],"version-history":[{"count":3,"href":"https:\/\/dnevi-avtomatike.si\/index.php?rest_route=\/wp\/v2\/pages\/273\/revisions"}],"predecessor-version":[{"id":281,"href":"https:\/\/dnevi-avtomatike.si\/index.php?rest_route=\/wp\/v2\/pages\/273\/revisions\/281"}],"wp:attachment":[{"href":"https:\/\/dnevi-avtomatike.si\/index.php?rest_route=%2Fwp%2Fv2%2Fmedia&parent=273"}],"curies":[{"name":"wp","href":"https:\/\/api.w.org\/{rel}","templated":true}]}}