{"id":275,"date":"2019-02-04T10:32:54","date_gmt":"2019-02-04T09:32:54","guid":{"rendered":"https:\/\/dnevi-avtomatike.si\/?page_id=275"},"modified":"2020-02-25T07:23:58","modified_gmt":"2020-02-25T06:23:58","slug":"spoznavanje-podrocja-avtomatike-in-ams","status":"publish","type":"page","link":"https:\/\/dnevi-avtomatike.si\/?page_id=275","title":{"rendered":"Spoznavanje podro\u010dja avtomatike in AMS"},"content":{"rendered":"\n<p>Te zanima podro\u010dje avtomatike in avtonomnih mobilnih sistemov?<\/p>\n\n\n\n<p><strong>Avtomatika <\/strong>govori natan\u010dneje o znanjih o sistemih, signalih, o modeliranju in ra\u010dunalni\u0161ki simulaciji ter na\u010drtovanju vodenja z naprednimi inteligentnimi metodami. Avtomatika vklju\u010duje \u00a0sodobne merilne sisteme, robotske sisteme, mikrokrmilni\u0161ke vgradne sisteme, ra\u010dunalni\u0161ki vid ter slikovne in govorne tehnologije. V zadnjem \u010dasu \u0161e posebej na veljavi pridobivajo <strong>avtonomni mobilni sistemi<\/strong> (AMS), katerih namen je opravljanje dolo\u010denih nalog z uporabo lastne inteligence, brez posredovanja \u010dloveka. Med njih spadajo tudi samovoze\u010di avtomobili in brezpilotni letalniki.<\/p>\n","protected":false},"excerpt":{"rendered":"<p>Te zanima podro\u010dje avtomatike in avtonomnih mobilnih sistemov? Avtomatika govori natan\u010dneje o znanjih o sistemih, signalih, o modeliranju in ra\u010dunalni\u0161ki simulaciji ter na\u010drtovanju vodenja z naprednimi inteligentnimi metodami. Avtomatika vklju\u010duje \u00a0sodobne merilne sisteme, robotske sisteme, mikrokrmilni\u0161ke vgradne sisteme, ra\u010dunalni\u0161ki vid ter slikovne in govorne tehnologije. V zadnjem \u010dasu \u0161e posebej na veljavi pridobivajo avtonomni mobilni [&hellip;]<\/p>\n","protected":false},"author":4,"featured_media":0,"parent":0,"menu_order":0,"comment_status":"closed","ping_status":"closed","template":"","meta":[],"_links":{"self":[{"href":"https:\/\/dnevi-avtomatike.si\/index.php?rest_route=\/wp\/v2\/pages\/275"}],"collection":[{"href":"https:\/\/dnevi-avtomatike.si\/index.php?rest_route=\/wp\/v2\/pages"}],"about":[{"href":"https:\/\/dnevi-avtomatike.si\/index.php?rest_route=\/wp\/v2\/types\/page"}],"author":[{"embeddable":true,"href":"https:\/\/dnevi-avtomatike.si\/index.php?rest_route=\/wp\/v2\/users\/4"}],"replies":[{"embeddable":true,"href":"https:\/\/dnevi-avtomatike.si\/index.php?rest_route=%2Fwp%2Fv2%2Fcomments&post=275"}],"version-history":[{"count":4,"href":"https:\/\/dnevi-avtomatike.si\/index.php?rest_route=\/wp\/v2\/pages\/275\/revisions"}],"predecessor-version":[{"id":4194,"href":"https:\/\/dnevi-avtomatike.si\/index.php?rest_route=\/wp\/v2\/pages\/275\/revisions\/4194"}],"wp:attachment":[{"href":"https:\/\/dnevi-avtomatike.si\/index.php?rest_route=%2Fwp%2Fv2%2Fmedia&parent=275"}],"curies":[{"name":"wp","href":"https:\/\/api.w.org\/{rel}","templated":true}]}}