{"id":279,"date":"2019-02-04T10:38:52","date_gmt":"2019-02-04T09:38:52","guid":{"rendered":"https:\/\/dnevi-avtomatike.si\/?page_id=279"},"modified":"2024-01-11T11:03:10","modified_gmt":"2024-01-11T10:03:10","slug":"tekmovanje-in-zabava","status":"publish","type":"page","link":"https:\/\/dnevi-avtomatike.si\/?page_id=279","title":{"rendered":"Tekmovanje in zabava"},"content":{"rendered":"\n<p>Se \u017eeli\u0161 pomeriti z ostalimi \u0161tudenti v izdelavi <strong>avtonomnega mobilnega sistema<\/strong> ali <strong>nepremagljivega algoritma vodenja<\/strong>?<\/p>\n\n\n\n<p>Na Dnevih avtomatike organiziramo tekmovanja iz na\u010drtovanja algoritmov vodenja brezpilotnih letalnikov Ryze Tech Tello ter na\u010drtovanja algoritmov vodenja z umetno inteligenco za avtomatizirani namizni nogomet.<\/p>\n\n\n\n<p>Prijavi se in se poteguj za naslov <a rel=\"noreferrer noopener\" aria-label=\"DRONE Challenge (opens in a new tab)\" href=\"https:\/\/dnevi-avtomatike.si\/?page_id=429\" target=\"_blank\"><strong>DRONE Challenge<\/strong><\/a> ali <a href=\"https:\/\/dnevi-avtomatike.si\/?page_id=8469\"><strong>FuzbAI<\/strong><\/a>!<\/p>\n","protected":false},"excerpt":{"rendered":"<p>Se \u017eeli\u0161 pomeriti z ostalimi \u0161tudenti v izdelavi avtonomnega mobilnega sistema ali nepremagljivega algoritma vodenja? Na Dnevih avtomatike organiziramo tekmovanja iz na\u010drtovanja algoritmov vodenja brezpilotnih letalnikov Ryze Tech Tello ter na\u010drtovanja algoritmov vodenja z umetno inteligenco za avtomatizirani namizni nogomet. Prijavi se in se poteguj za naslov DRONE Challenge ali FuzbAI!<\/p>\n","protected":false},"author":4,"featured_media":0,"parent":0,"menu_order":0,"comment_status":"closed","ping_status":"closed","template":"","meta":[],"_links":{"self":[{"href":"https:\/\/dnevi-avtomatike.si\/index.php?rest_route=\/wp\/v2\/pages\/279"}],"collection":[{"href":"https:\/\/dnevi-avtomatike.si\/index.php?rest_route=\/wp\/v2\/pages"}],"about":[{"href":"https:\/\/dnevi-avtomatike.si\/index.php?rest_route=\/wp\/v2\/types\/page"}],"author":[{"embeddable":true,"href":"https:\/\/dnevi-avtomatike.si\/index.php?rest_route=\/wp\/v2\/users\/4"}],"replies":[{"embeddable":true,"href":"https:\/\/dnevi-avtomatike.si\/index.php?rest_route=%2Fwp%2Fv2%2Fcomments&post=279"}],"version-history":[{"count":4,"href":"https:\/\/dnevi-avtomatike.si\/index.php?rest_route=\/wp\/v2\/pages\/279\/revisions"}],"predecessor-version":[{"id":8509,"href":"https:\/\/dnevi-avtomatike.si\/index.php?rest_route=\/wp\/v2\/pages\/279\/revisions\/8509"}],"wp:attachment":[{"href":"https:\/\/dnevi-avtomatike.si\/index.php?rest_route=%2Fwp%2Fv2%2Fmedia&parent=279"}],"curies":[{"name":"wp","href":"https:\/\/api.w.org\/{rel}","templated":true}]}}