{"id":284,"date":"2019-02-04T10:47:48","date_gmt":"2019-02-04T09:47:48","guid":{"rendered":"https:\/\/dnevi-avtomatike.si\/?page_id=284"},"modified":"2024-01-11T13:59:56","modified_gmt":"2024-01-11T12:59:56","slug":"mrezenje-s-potencialnimi-delodajalci","status":"publish","type":"page","link":"https:\/\/dnevi-avtomatike.si\/?page_id=284","title":{"rendered":"Mre\u017eenje s potencialnimi delodajalci"},"content":{"rendered":"\n<p>Si \u017eeli\u0161 spoznati bodo\u010dega delodajalca ali pa te zanimajo trenutni trendi v industriji?<\/p>\n\n\n\n<p>Na dogodku <strong>Dnevi avtomatike <\/strong>se vsako leto predstavljajo nekatera najvidnej\u0161a in najuspe\u0161nej\u0161a slovenska podjetja s podro\u010dja industrijske avtomatizacije v Sloveniji. <\/p>\n\n\n\n<p>Stopi v stik s predstavniki podjetja in se pozanimaj o mo\u017enostih zaposlitve na \u0161tiri o\u010di.<\/p>\n\n\n\n<p><\/p>\n","protected":false},"excerpt":{"rendered":"<p>Si \u017eeli\u0161 spoznati bodo\u010dega delodajalca ali pa te zanimajo trenutni trendi v industriji? Na dogodku Dnevi avtomatike se vsako leto predstavljajo nekatera najvidnej\u0161a in najuspe\u0161nej\u0161a slovenska podjetja s podro\u010dja industrijske avtomatizacije v Sloveniji. Stopi v stik s predstavniki podjetja in se pozanimaj o mo\u017enostih zaposlitve na \u0161tiri o\u010di.<\/p>\n","protected":false},"author":4,"featured_media":0,"parent":0,"menu_order":0,"comment_status":"closed","ping_status":"closed","template":"","meta":[],"_links":{"self":[{"href":"https:\/\/dnevi-avtomatike.si\/index.php?rest_route=\/wp\/v2\/pages\/284"}],"collection":[{"href":"https:\/\/dnevi-avtomatike.si\/index.php?rest_route=\/wp\/v2\/pages"}],"about":[{"href":"https:\/\/dnevi-avtomatike.si\/index.php?rest_route=\/wp\/v2\/types\/page"}],"author":[{"embeddable":true,"href":"https:\/\/dnevi-avtomatike.si\/index.php?rest_route=\/wp\/v2\/users\/4"}],"replies":[{"embeddable":true,"href":"https:\/\/dnevi-avtomatike.si\/index.php?rest_route=%2Fwp%2Fv2%2Fcomments&post=284"}],"version-history":[{"count":3,"href":"https:\/\/dnevi-avtomatike.si\/index.php?rest_route=\/wp\/v2\/pages\/284\/revisions"}],"predecessor-version":[{"id":8530,"href":"https:\/\/dnevi-avtomatike.si\/index.php?rest_route=\/wp\/v2\/pages\/284\/revisions\/8530"}],"wp:attachment":[{"href":"https:\/\/dnevi-avtomatike.si\/index.php?rest_route=%2Fwp%2Fv2%2Fmedia&parent=284"}],"curies":[{"name":"wp","href":"https:\/\/api.w.org\/{rel}","templated":true}]}}