{"id":429,"date":"2020-01-07T10:32:34","date_gmt":"2020-01-07T09:32:34","guid":{"rendered":"https:\/\/dnevi-avtomatike.si\/?page_id=429"},"modified":"2024-03-25T14:54:33","modified_gmt":"2024-03-25T13:54:33","slug":"drone-challenge","status":"publish","type":"page","link":"https:\/\/dnevi-avtomatike.si\/?page_id=429","title":{"rendered":"Drone Challenge"},"content":{"rendered":"\n<p><strong><em>DRONE CHALLENGE 2024 <\/em><\/strong>je tekmovanje, namenjeno vsem \u0161tudentom <strong>Fakultete za elektrotehniko, Univerze v Ljubljani<\/strong>, ki jih poleg klasi\u010dnih predavanj in vaj zanimajo tudi ob\u0161tudijske dejavnosti, s katerimi si lahko pridobijo dodatna znanja s podro\u010dja <strong>avtomatike<\/strong>.<\/p>\n\n\n\n<p>Izziv obravnava izdelavo algoritma vodenja, ki bo omogo\u010dal <em>avtonomno<\/em> gibanje brezpilotnega letalnika <a href=\"https:\/\/www.ryzerobotics.com\/tello\">Ryze Tech Tello<\/a> (drona oz. kvadkopterja) po poligonu z obro\u010di.<\/p>\n\n\n<div class=\"wp-block-image\">\n<figure class=\"aligncenter size-large is-resized\"><img src=\"https:\/\/dnevi-avtomatike.si\/wp-content\/uploads\/2024\/01\/Logo_v6-1024x516.jpg\" alt=\"\" class=\"wp-image-8450\" width=\"600\" srcset=\"https:\/\/dnevi-avtomatike.si\/wp-content\/uploads\/2024\/01\/Logo_v6-1024x516.jpg 1024w, https:\/\/dnevi-avtomatike.si\/wp-content\/uploads\/2024\/01\/Logo_v6-300x151.jpg 300w, https:\/\/dnevi-avtomatike.si\/wp-content\/uploads\/2024\/01\/Logo_v6-768x387.jpg 768w, https:\/\/dnevi-avtomatike.si\/wp-content\/uploads\/2024\/01\/Logo_v6.jpg 1252w\" sizes=\"(max-width: 1024px) 100vw, 1024px\" \/><\/figure><\/div>\n\n\n<p class=\"has-text-align-center has-vivid-red-color has-text-color\"><strong><a href=\"https:\/\/dnevi-avtomatike.si\/wp-content\/uploads\/2024\/01\/Drone-Challenge-2024.pdf\" data-type=\"URL\" target=\"_blank\" rel=\"noreferrer noopener\">Natan\u010den opis naloge in pravila tekmovanja&nbsp;(\u2192 KLIK)<\/a><\/strong><\/p>\n\n\n\n<p>\u010clani Laboratorija za avtomatiko in kibernetiko bodo prijavljenim ekipam nudili mentorstvo in podporo pri razvoju algoritmov vodenja. Vsaka ekipa bo dobila komplet DJI Tello Combo s tremi baterijami.<\/p>\n\n\n\n<div class=\"wp-container-4 wp-block-columns has-2-columns\">\n<div class=\"wp-container-1 wp-block-column\">\n<p class=\"has-black-color has-text-color\"><img height=\"22\" class=\"wp-image-163\" style=\"width: 22px;\" src=\"https:\/\/dnevi-avtomatike.si\/wp-content\/uploads\/2019\/01\/if_17_2959846.png\" alt=\"\"> <strong><em>Prijave <\/em>so zaklju\u010dene. <\/strong><\/p>\n\n\n\n<p><img height=\"25\" class=\"wp-image-180\" style=\"width: 25px;\" src=\"https:\/\/dnevi-avtomatike.si\/wp-content\/uploads\/2019\/01\/if_18_2959847778.png\" alt=\"\" srcset=\"https:\/\/dnevi-avtomatike.si\/wp-content\/uploads\/2019\/01\/if_18_2959847778.png 225w, https:\/\/dnevi-avtomatike.si\/wp-content\/uploads\/2019\/01\/if_18_2959847778-150x150.png 150w\" sizes=\"(max-width: 225px) 100vw, 225px\" \/> Tekmovanje bo potekalo <strong>10. aprila 2024.<\/strong><\/p>\n\n\n\n<p><\/p>\n<\/div>\n\n\n\n<div class=\"wp-container-3 wp-block-column\">\n<div class=\"wp-container-2 wp-block-buttons\">\n<div class=\"wp-block-button\"><a class=\"wp-block-button__link\">PRIJAVA<\/a><\/div>\n<\/div>\n<\/div>\n<\/div>\n\n\n\n<p class=\"has-text-align-center\"><strong>Nagrade za najbolj\u0161e ekipe!<\/strong><br>1. mesto: 800\u20ac<br>2. mesto: 400\u20ac<br>3. mesto: 200\u20ac <\/p>\n\n\n\n<hr class=\"wp-block-separator has-alpha-channel-opacity\"\/>\n\n\n\n<div class=\"wp-block-button aligncenter\"><a class=\"wp-block-button__link\" href=\"mailto:simon.tomazic@fe.uni-lj.si\"><strong>Ve\u010d informacij <\/strong><br><\/a><\/div>\n\n\n\n<hr class=\"wp-block-separator has-alpha-channel-opacity\"\/>\n\n\n<div class=\"wp-block-image\">\n<figure class=\"aligncenter is-resized\"><img loading=\"lazy\" src=\"https:\/\/dnevi-avtomatike.si\/wp-content\/uploads\/2020\/01\/AdobeStock_187291524_small-1024x553.jpg\" alt=\"\" class=\"wp-image-457\" width=\"592\" height=\"318\"\/><\/figure><\/div>\n\n\n<figure class=\"wp-block-image\"><img loading=\"lazy\" width=\"906\" height=\"53\" src=\"https:\/\/dnevi-avtomatike.si\/wp-content\/uploads\/2019\/01\/Avtomatiki-vodimo-svet-na-bolje-1.png\" alt=\"\" class=\"wp-image-48\" srcset=\"https:\/\/dnevi-avtomatike.si\/wp-content\/uploads\/2019\/01\/Avtomatiki-vodimo-svet-na-bolje-1.png 906w, https:\/\/dnevi-avtomatike.si\/wp-content\/uploads\/2019\/01\/Avtomatiki-vodimo-svet-na-bolje-1-300x18.png 300w, https:\/\/dnevi-avtomatike.si\/wp-content\/uploads\/2019\/01\/Avtomatiki-vodimo-svet-na-bolje-1-768x45.png 768w, https:\/\/dnevi-avtomatike.si\/wp-content\/uploads\/2019\/01\/Avtomatiki-vodimo-svet-na-bolje-1-830x49.png 830w, https:\/\/dnevi-avtomatike.si\/wp-content\/uploads\/2019\/01\/Avtomatiki-vodimo-svet-na-bolje-1-230x13.png 230w\" sizes=\"(max-width: 906px) 100vw, 906px\" \/><\/figure>\n","protected":false},"excerpt":{"rendered":"<p>DRONE CHALLENGE 2024 je tekmovanje, namenjeno vsem \u0161tudentom Fakultete za elektrotehniko, Univerze v Ljubljani, ki jih poleg klasi\u010dnih predavanj in vaj zanimajo tudi ob\u0161tudijske dejavnosti, s katerimi si lahko pridobijo dodatna znanja s podro\u010dja avtomatike. Izziv obravnava izdelavo algoritma vodenja, ki bo omogo\u010dal avtonomno gibanje brezpilotnega letalnika Ryze Tech Tello (drona oz. kvadkopterja) po poligonu [&hellip;]<\/p>\n","protected":false},"author":3,"featured_media":457,"parent":0,"menu_order":0,"comment_status":"closed","ping_status":"closed","template":"","meta":[],"_links":{"self":[{"href":"https:\/\/dnevi-avtomatike.si\/index.php?rest_route=\/wp\/v2\/pages\/429"}],"collection":[{"href":"https:\/\/dnevi-avtomatike.si\/index.php?rest_route=\/wp\/v2\/pages"}],"about":[{"href":"https:\/\/dnevi-avtomatike.si\/index.php?rest_route=\/wp\/v2\/types\/page"}],"author":[{"embeddable":true,"href":"https:\/\/dnevi-avtomatike.si\/index.php?rest_route=\/wp\/v2\/users\/3"}],"replies":[{"embeddable":true,"href":"https:\/\/dnevi-avtomatike.si\/index.php?rest_route=%2Fwp%2Fv2%2Fcomments&post=429"}],"version-history":[{"count":76,"href":"https:\/\/dnevi-avtomatike.si\/index.php?rest_route=\/wp\/v2\/pages\/429\/revisions"}],"predecessor-version":[{"id":8611,"href":"https:\/\/dnevi-avtomatike.si\/index.php?rest_route=\/wp\/v2\/pages\/429\/revisions\/8611"}],"wp:featuredmedia":[{"embeddable":true,"href":"https:\/\/dnevi-avtomatike.si\/index.php?rest_route=\/wp\/v2\/media\/457"}],"wp:attachment":[{"href":"https:\/\/dnevi-avtomatike.si\/index.php?rest_route=%2Fwp%2Fv2%2Fmedia&parent=429"}],"curies":[{"name":"wp","href":"https:\/\/api.w.org\/{rel}","templated":true}]}}