{"id":8469,"date":"2024-01-11T09:27:23","date_gmt":"2024-01-11T08:27:23","guid":{"rendered":"https:\/\/dnevi-avtomatike.si\/?page_id=8469"},"modified":"2025-12-12T13:21:26","modified_gmt":"2025-12-12T12:21:26","slug":"fuzbai","status":"publish","type":"page","link":"https:\/\/dnevi-avtomatike.si\/?page_id=8469","title":{"rendered":"FuzbAI"},"content":{"rendered":"\n<figure class=\"wp-block-image size-large\"><img loading=\"lazy\" width=\"1024\" height=\"418\" src=\"https:\/\/dnevi-avtomatike.si\/wp-content\/uploads\/2025\/01\/image-1-1024x418.png\" alt=\"\" class=\"wp-image-8718\" srcset=\"https:\/\/dnevi-avtomatike.si\/wp-content\/uploads\/2025\/01\/image-1-1024x418.png 1024w, https:\/\/dnevi-avtomatike.si\/wp-content\/uploads\/2025\/01\/image-1-300x123.png 300w, https:\/\/dnevi-avtomatike.si\/wp-content\/uploads\/2025\/01\/image-1-768x314.png 768w, https:\/\/dnevi-avtomatike.si\/wp-content\/uploads\/2025\/01\/image-1.png 1082w\" sizes=\"(max-width: 1024px) 100vw, 1024px\" \/><\/figure>\n\n\n\n<p class=\"has-text-align-left\"><em><strong>FuzbAI<\/strong><\/em><strong><em> 2026 &#8211; Ustvari algoritem, ki premaga \u010dloveka.<\/em><\/strong> Tekmovanje za \u0161tudente <strong>Univerze v Ljubljani<\/strong>, kjer teorija sre\u010da prakso, ekipe pa svoje znanje preizkusijo na avtonomnem namiznem nogometu.<\/p>\n\n\n\n<div style=\"height:20px\" aria-hidden=\"true\" class=\"wp-block-spacer\"><\/div>\n\n\n\n\n\n\n    <meta charset=\"UTF-8\">\n    <meta name=\"viewport\" content=\"width=device-width, initial-scale=1.0\">\n    <title>FuzbAI \u010casovnica<\/title>\n    <script src=\"https:\/\/cdn.tailwindcss.com\"><\/script>\n    <link href=\"https:\/\/fonts.googleapis.com\/css2?family=Inter:wght@400;600;700&amp;display=swap\" rel=\"stylesheet\">\n\n    <style>\n        body {\n            font-family: 'Inter', sans-serif;\n        }\n\n        .timeline-arrow {\n            clip-path: polygon(\n                0% 0%, \n                calc(100% - 30px) 0%, \n                100% 50%, \n                calc(100% - 30px) 100%, \n                0% 100%, \n                30px 50%\n            );\n        }\n\n        @media (max-width: 768px) {\n            .timeline-arrow {\n                clip-path: polygon(\n                    0% 0%, \n                    100% 0%, \n                    100% calc(100% - 20px), \n                    50% 100%, \n                    0% calc(100% - 20px),\n                    0% 0%,\n                    50% 20px\n                );\n            }\n        }\n    <\/style>\n\n\n\n\n    <div class=\"w-full max-w-7xl mx-auto\">\n\n        <div class=\"flex flex-col md:flex-row gap-2 md:gap-4 w-full\">\n\n            <!-- Step 1: Orange -->\n            <div class=\"timeline-arrow flex-1 bg-[#E8702A] text-white p-3 md:py-4 md:px-6 flex flex-col justify-center items-center text-center min-h-[70px] filter drop-shadow-sm\">\n                <div class=\"text-base md:text-lg font-medium leading-tight\">\n                    Prijava ekipe\n                <\/div>\n                <div class=\"text-base md:text-lg mt-1 font-light\">\n                    do <span class=\"font-bold\">15. 1. 2026<\/span>\n                <\/div>\n            <\/div>\n\n            <!-- Step 2: Green -->\n            <div class=\"timeline-arrow flex-1 bg-[#1E6E28] text-white p-3 md:py-4 md:px-6 flex flex-col justify-center items-center text-center min-h-[70px] filter drop-shadow-sm\">\n                <div class=\"text-base md:text-lg font-medium leading-tight\">\n                    Mentorska<br>podpora\n                <\/div>\n            <\/div>\n\n            <!-- Step 3: Blue -->\n            <div class=\"timeline-arrow flex-1 bg-[#009ADE] text-white p-3 md:py-4 md:px-6 flex flex-col justify-center items-center text-center min-h-[70px] filter drop-shadow-sm\">\n                <div class=\"text-base md:text-lg font-medium leading-tight\">\n                    Vmesni treningi,<br>pizza in dru\u017eenje\n                <\/div>\n            <\/div>\n\n            <!-- Step 4: Purple -->\n            <div class=\"timeline-arrow flex-1 bg-[#9D2895] text-white p-3 md:py-4 md:px-6 flex flex-col justify-center items-center text-center min-h-[70px] filter drop-shadow-sm\">\n                <div class=\"text-base md:text-lg font-medium leading-tight\">\n                    Tekmovanje bo\n                <\/div>\n                <div class=\"text-base md:text-lg mt-1 font-bold\">\n                    21. 04. 2026\n                <\/div>\n            <\/div>\n\n        <\/div>\n    <\/div>\n\n\n\n\n\n\n<div style=\"height:20px\" aria-hidden=\"true\" class=\"wp-block-spacer\"><\/div>\n\n\n\n<p class=\"has-text-align-left\">Izziv obravnava izdelavo algoritma vodenja z umetno inteligenco, ki bo omogo\u010dal <em>avtonomno<\/em> igro namiznega nogometa <strong>FuzbAI <\/strong>proti nasprotnikovi \u010dlove\u0161ki ekipi. V naslednji igri se bodo vloge obrnile in bo va\u0161a \u010dlove\u0161ka ekipa igrala proti nasprotnikovem algoritmu.<\/p>\n\n\n\n<div style=\"height:14px\" aria-hidden=\"true\" class=\"wp-block-spacer\"><\/div>\n\n\n\n<p class=\"has-text-align-center has-vivid-red-color has-text-color has-medium-font-size\"><strong>Ustvari najbolj\u0161i algoritem, premagaj \u010dloveka, zmagaj in osvoji nagrado!<\/strong><\/p>\n\n\n\n<div style=\"height:14px\" aria-hidden=\"true\" class=\"wp-block-spacer\"><\/div>\n\n\n\n<figure class=\"wp-block-image size-large\"><img loading=\"lazy\" width=\"1280\" height=\"720\" src=\"https:\/\/dnevi-avtomatike.si\/wp-content\/uploads\/2024\/01\/MizaGarlando_2019-Oct-17_02-23-03PM-000_CustomizedView4422962701_jpg-edited.jpg\" alt=\"\" class=\"wp-image-8522\" srcset=\"https:\/\/dnevi-avtomatike.si\/wp-content\/uploads\/2024\/01\/MizaGarlando_2019-Oct-17_02-23-03PM-000_CustomizedView4422962701_jpg-edited.jpg 1280w, https:\/\/dnevi-avtomatike.si\/wp-content\/uploads\/2024\/01\/MizaGarlando_2019-Oct-17_02-23-03PM-000_CustomizedView4422962701_jpg-edited-300x169.jpg 300w, https:\/\/dnevi-avtomatike.si\/wp-content\/uploads\/2024\/01\/MizaGarlando_2019-Oct-17_02-23-03PM-000_CustomizedView4422962701_jpg-edited-1024x576.jpg 1024w, https:\/\/dnevi-avtomatike.si\/wp-content\/uploads\/2024\/01\/MizaGarlando_2019-Oct-17_02-23-03PM-000_CustomizedView4422962701_jpg-edited-768x432.jpg 768w\" sizes=\"(max-width: 1280px) 100vw, 1280px\" \/><\/figure>\n\n\n\n<p class=\"has-text-align-center has-vivid-cyan-blue-color has-text-color\" style=\"font-size:24px\"><strong><a href=\"https:\/\/dnevi-avtomatike.si\/wp-content\/uploads\/2025\/12\/FuzbAI-2026-1.2.pdf\" target=\"_blank\" rel=\"noreferrer noopener\">Natan\u010den opis naloge in pravila tekmovanja\u00a0(\u2192 KLIK)<\/a><\/strong><\/p>\n\n\n\n<p class=\"has-text-align-left\">\u010clani <strong>Laboratorija za avtomatiko in kibernetiko <\/strong>bodo prijavljenim ekipam nudili <strong>mentorstvo <\/strong>in <strong>podporo <\/strong>pri razvoju algoritmov vodenja. Vsaka ekipa bo lahko v za\u010detni fazi svoje re\u0161itve testirala na simulatorju, pred tekmovanjem pa tudi na realni napravi.<\/p>\n\n\n\n<div class=\"wp-container-4 wp-block-columns has-2-columns\">\n<div class=\"wp-container-1 wp-block-column\">\n<p><img height=\"22\" class=\"wp-image-163\" style=\"width: 22px;\" src=\"https:\/\/dnevi-avtomatike.si\/wp-content\/uploads\/2019\/01\/if_17_2959846.png\" alt=\"\"> <strong><em>Prija<\/em><strong>vi svojo ekipo do <\/strong>15. 1. 2026.<\/strong><\/p>\n\n\n\n<p><img height=\"25\" class=\"wp-image-180\" style=\"width: 25px;\" src=\"https:\/\/dnevi-avtomatike.si\/wp-content\/uploads\/2019\/01\/if_18_2959847778.png\" alt=\"\" srcset=\"https:\/\/dnevi-avtomatike.si\/wp-content\/uploads\/2019\/01\/if_18_2959847778.png 225w, https:\/\/dnevi-avtomatike.si\/wp-content\/uploads\/2019\/01\/if_18_2959847778-150x150.png 150w\" sizes=\"(max-width: 225px) 100vw, 225px\" \/> Tekmovanje bo potekalo <strong>21. aprila 2026.<\/strong><\/p>\n<\/div>\n\n\n\n<div class=\"wp-container-3 wp-block-column\">\n<div class=\"wp-container-2 wp-block-buttons\">\n<div class=\"wp-block-button\"><a class=\"wp-block-button__link\" href=\"https:\/\/forms.gle\/xfsmV4bNGrNgp4C16\" target=\"_blank\" rel=\"noreferrer noopener\">PRIJAVI EKIPO DO 15. 01. 2025!<\/a><\/div>\n<\/div>\n<\/div>\n<\/div>\n\n\n\n<p class=\"has-text-align-center has-luminous-vivid-orange-color has-white-background-color has-text-color has-background\" style=\"font-size:30px\"><strong>Nagradni sklad<\/strong>:<br><strong>2000 \u20ac<\/strong> <\/p>\n\n\n\n<p class=\"has-text-align-center\">Utrinki iz preteklih dogodkov:<\/p>\n\n\n\n<figure class=\"wp-container-6 wp-block-gallery-5 wp-block-gallery has-nested-images columns-default is-cropped\">\n<figure class=\"wp-block-image size-large\"><img loading=\"lazy\" width=\"2560\" height=\"1707\" data-id=\"8807\"  src=\"https:\/\/dnevi-avtomatike.si\/wp-content\/uploads\/2025\/04\/2025-04-08_km-319-scaled.jpg\" alt=\"\" class=\"wp-image-8807\" srcset=\"https:\/\/dnevi-avtomatike.si\/wp-content\/uploads\/2025\/04\/2025-04-08_km-319-scaled.jpg 2560w, https:\/\/dnevi-avtomatike.si\/wp-content\/uploads\/2025\/04\/2025-04-08_km-319-300x200.jpg 300w, https:\/\/dnevi-avtomatike.si\/wp-content\/uploads\/2025\/04\/2025-04-08_km-319-1024x683.jpg 1024w, https:\/\/dnevi-avtomatike.si\/wp-content\/uploads\/2025\/04\/2025-04-08_km-319-768x512.jpg 768w, https:\/\/dnevi-avtomatike.si\/wp-content\/uploads\/2025\/04\/2025-04-08_km-319-1536x1024.jpg 1536w, https:\/\/dnevi-avtomatike.si\/wp-content\/uploads\/2025\/04\/2025-04-08_km-319-2048x1365.jpg 2048w\" sizes=\"(max-width: 2560px) 100vw, 2560px\" \/><\/figure>\n\n\n\n<figure class=\"wp-block-image size-large\"><img loading=\"lazy\" width=\"2560\" height=\"1707\" data-id=\"8806\"  src=\"https:\/\/dnevi-avtomatike.si\/wp-content\/uploads\/2025\/04\/2025-04-08_km-396-scaled.jpg\" alt=\"\" class=\"wp-image-8806\" srcset=\"https:\/\/dnevi-avtomatike.si\/wp-content\/uploads\/2025\/04\/2025-04-08_km-396-scaled.jpg 2560w, https:\/\/dnevi-avtomatike.si\/wp-content\/uploads\/2025\/04\/2025-04-08_km-396-300x200.jpg 300w, https:\/\/dnevi-avtomatike.si\/wp-content\/uploads\/2025\/04\/2025-04-08_km-396-1024x683.jpg 1024w, https:\/\/dnevi-avtomatike.si\/wp-content\/uploads\/2025\/04\/2025-04-08_km-396-768x512.jpg 768w, https:\/\/dnevi-avtomatike.si\/wp-content\/uploads\/2025\/04\/2025-04-08_km-396-1536x1024.jpg 1536w, https:\/\/dnevi-avtomatike.si\/wp-content\/uploads\/2025\/04\/2025-04-08_km-396-2048x1365.jpg 2048w\" sizes=\"(max-width: 2560px) 100vw, 2560px\" \/><\/figure>\n\n\n\n<figure class=\"wp-block-image size-large\"><img loading=\"lazy\" width=\"2560\" height=\"1707\" data-id=\"8808\"  src=\"https:\/\/dnevi-avtomatike.si\/wp-content\/uploads\/2025\/04\/2025-04-08_km-466-scaled.jpg\" alt=\"\" class=\"wp-image-8808\" srcset=\"https:\/\/dnevi-avtomatike.si\/wp-content\/uploads\/2025\/04\/2025-04-08_km-466-scaled.jpg 2560w, https:\/\/dnevi-avtomatike.si\/wp-content\/uploads\/2025\/04\/2025-04-08_km-466-300x200.jpg 300w, https:\/\/dnevi-avtomatike.si\/wp-content\/uploads\/2025\/04\/2025-04-08_km-466-1024x683.jpg 1024w, https:\/\/dnevi-avtomatike.si\/wp-content\/uploads\/2025\/04\/2025-04-08_km-466-768x512.jpg 768w, https:\/\/dnevi-avtomatike.si\/wp-content\/uploads\/2025\/04\/2025-04-08_km-466-1536x1024.jpg 1536w, https:\/\/dnevi-avtomatike.si\/wp-content\/uploads\/2025\/04\/2025-04-08_km-466-2048x1365.jpg 2048w\" sizes=\"(max-width: 2560px) 100vw, 2560px\" \/><\/figure>\n\n\n\n<figure class=\"wp-block-image size-large\"><img loading=\"lazy\" width=\"2560\" height=\"1707\" data-id=\"8804\"  src=\"https:\/\/dnevi-avtomatike.si\/wp-content\/uploads\/2025\/04\/2025-04-08_km-332-scaled.jpg\" alt=\"\" class=\"wp-image-8804\" srcset=\"https:\/\/dnevi-avtomatike.si\/wp-content\/uploads\/2025\/04\/2025-04-08_km-332-scaled.jpg 2560w, https:\/\/dnevi-avtomatike.si\/wp-content\/uploads\/2025\/04\/2025-04-08_km-332-300x200.jpg 300w, https:\/\/dnevi-avtomatike.si\/wp-content\/uploads\/2025\/04\/2025-04-08_km-332-1024x683.jpg 1024w, https:\/\/dnevi-avtomatike.si\/wp-content\/uploads\/2025\/04\/2025-04-08_km-332-768x512.jpg 768w, https:\/\/dnevi-avtomatike.si\/wp-content\/uploads\/2025\/04\/2025-04-08_km-332-1536x1024.jpg 1536w, https:\/\/dnevi-avtomatike.si\/wp-content\/uploads\/2025\/04\/2025-04-08_km-332-2048x1365.jpg 2048w\" sizes=\"(max-width: 2560px) 100vw, 2560px\" \/><\/figure>\n\n\n\n<figure class=\"wp-block-image size-large\"><img loading=\"lazy\" width=\"1707\" height=\"2560\" data-id=\"8802\"  src=\"https:\/\/dnevi-avtomatike.si\/wp-content\/uploads\/2025\/04\/2025-04-08_km-500-scaled.jpg\" alt=\"\" class=\"wp-image-8802\" srcset=\"https:\/\/dnevi-avtomatike.si\/wp-content\/uploads\/2025\/04\/2025-04-08_km-500-scaled.jpg 1707w, https:\/\/dnevi-avtomatike.si\/wp-content\/uploads\/2025\/04\/2025-04-08_km-500-200x300.jpg 200w, https:\/\/dnevi-avtomatike.si\/wp-content\/uploads\/2025\/04\/2025-04-08_km-500-683x1024.jpg 683w, https:\/\/dnevi-avtomatike.si\/wp-content\/uploads\/2025\/04\/2025-04-08_km-500-768x1152.jpg 768w, https:\/\/dnevi-avtomatike.si\/wp-content\/uploads\/2025\/04\/2025-04-08_km-500-1024x1536.jpg 1024w, https:\/\/dnevi-avtomatike.si\/wp-content\/uploads\/2025\/04\/2025-04-08_km-500-1365x2048.jpg 1365w\" sizes=\"(max-width: 1707px) 100vw, 1707px\" \/><\/figure>\n\n\n\n<figure class=\"wp-block-image size-large\"><img loading=\"lazy\" width=\"2560\" height=\"1707\" data-id=\"8805\"  src=\"https:\/\/dnevi-avtomatike.si\/wp-content\/uploads\/2025\/04\/2025-04-08_km-423-scaled.jpg\" alt=\"\" class=\"wp-image-8805\" srcset=\"https:\/\/dnevi-avtomatike.si\/wp-content\/uploads\/2025\/04\/2025-04-08_km-423-scaled.jpg 2560w, https:\/\/dnevi-avtomatike.si\/wp-content\/uploads\/2025\/04\/2025-04-08_km-423-300x200.jpg 300w, https:\/\/dnevi-avtomatike.si\/wp-content\/uploads\/2025\/04\/2025-04-08_km-423-1024x683.jpg 1024w, https:\/\/dnevi-avtomatike.si\/wp-content\/uploads\/2025\/04\/2025-04-08_km-423-768x512.jpg 768w, https:\/\/dnevi-avtomatike.si\/wp-content\/uploads\/2025\/04\/2025-04-08_km-423-1536x1024.jpg 1536w, https:\/\/dnevi-avtomatike.si\/wp-content\/uploads\/2025\/04\/2025-04-08_km-423-2048x1365.jpg 2048w\" sizes=\"(max-width: 2560px) 100vw, 2560px\" \/><\/figure>\n\n\n\n<figure class=\"wp-block-image size-large\"><img loading=\"lazy\" width=\"1707\" height=\"2560\" data-id=\"8801\"  src=\"https:\/\/dnevi-avtomatike.si\/wp-content\/uploads\/2025\/04\/2025-04-08_km-405-scaled.jpg\" alt=\"\" class=\"wp-image-8801\"\/><\/figure>\n\n\n\n<figure class=\"wp-block-image size-large\"><img loading=\"lazy\" width=\"2560\" height=\"1707\" data-id=\"8800\"  src=\"https:\/\/dnevi-avtomatike.si\/wp-content\/uploads\/2025\/04\/2025-04-08_km-474-scaled.jpg\" alt=\"\" class=\"wp-image-8800\" srcset=\"https:\/\/dnevi-avtomatike.si\/wp-content\/uploads\/2025\/04\/2025-04-08_km-474-scaled.jpg 2560w, https:\/\/dnevi-avtomatike.si\/wp-content\/uploads\/2025\/04\/2025-04-08_km-474-300x200.jpg 300w, https:\/\/dnevi-avtomatike.si\/wp-content\/uploads\/2025\/04\/2025-04-08_km-474-1024x683.jpg 1024w, https:\/\/dnevi-avtomatike.si\/wp-content\/uploads\/2025\/04\/2025-04-08_km-474-768x512.jpg 768w, https:\/\/dnevi-avtomatike.si\/wp-content\/uploads\/2025\/04\/2025-04-08_km-474-1536x1024.jpg 1536w, https:\/\/dnevi-avtomatike.si\/wp-content\/uploads\/2025\/04\/2025-04-08_km-474-2048x1365.jpg 2048w\" sizes=\"(max-width: 2560px) 100vw, 2560px\" \/><\/figure>\n\n\n\n<figure class=\"wp-block-image size-large\"><img loading=\"lazy\" width=\"2560\" height=\"1707\" data-id=\"8799\"  src=\"https:\/\/dnevi-avtomatike.si\/wp-content\/uploads\/2025\/04\/2025-04-08_km-491-scaled.jpg\" alt=\"\" class=\"wp-image-8799\" srcset=\"https:\/\/dnevi-avtomatike.si\/wp-content\/uploads\/2025\/04\/2025-04-08_km-491-scaled.jpg 2560w, https:\/\/dnevi-avtomatike.si\/wp-content\/uploads\/2025\/04\/2025-04-08_km-491-300x200.jpg 300w, https:\/\/dnevi-avtomatike.si\/wp-content\/uploads\/2025\/04\/2025-04-08_km-491-1024x683.jpg 1024w, https:\/\/dnevi-avtomatike.si\/wp-content\/uploads\/2025\/04\/2025-04-08_km-491-768x512.jpg 768w, https:\/\/dnevi-avtomatike.si\/wp-content\/uploads\/2025\/04\/2025-04-08_km-491-1536x1024.jpg 1536w, https:\/\/dnevi-avtomatike.si\/wp-content\/uploads\/2025\/04\/2025-04-08_km-491-2048x1365.jpg 2048w\" sizes=\"(max-width: 2560px) 100vw, 2560px\" \/><\/figure>\n\n\n\n<figure class=\"wp-block-image size-large\"><img loading=\"lazy\" width=\"2560\" height=\"1707\" data-id=\"8797\"  src=\"https:\/\/dnevi-avtomatike.si\/wp-content\/uploads\/2025\/04\/2025-04-08_km-402-scaled.jpg\" alt=\"\" class=\"wp-image-8797\" srcset=\"https:\/\/dnevi-avtomatike.si\/wp-content\/uploads\/2025\/04\/2025-04-08_km-402-scaled.jpg 2560w, https:\/\/dnevi-avtomatike.si\/wp-content\/uploads\/2025\/04\/2025-04-08_km-402-300x200.jpg 300w, https:\/\/dnevi-avtomatike.si\/wp-content\/uploads\/2025\/04\/2025-04-08_km-402-1024x683.jpg 1024w, https:\/\/dnevi-avtomatike.si\/wp-content\/uploads\/2025\/04\/2025-04-08_km-402-768x512.jpg 768w, https:\/\/dnevi-avtomatike.si\/wp-content\/uploads\/2025\/04\/2025-04-08_km-402-1536x1024.jpg 1536w, https:\/\/dnevi-avtomatike.si\/wp-content\/uploads\/2025\/04\/2025-04-08_km-402-2048x1365.jpg 2048w\" sizes=\"(max-width: 2560px) 100vw, 2560px\" \/><\/figure>\n<\/figure>\n\n\n\n<div style=\"height:14px\" aria-hidden=\"true\" class=\"wp-block-spacer\"><\/div>\n\n\n\n<p class=\"has-text-align-left\">Originalna predstavitev projekta FuzbAI je na voljo na spodnjem videu:<\/p>\n\n\n\n<div class=\"wp-container-10 wp-block-columns\">\n<div class=\"wp-container-7 wp-block-column\" style=\"flex-basis:25%\"><\/div>\n\n\n\n<div class=\"wp-container-8 wp-block-column\" style=\"flex-basis:50%\">\n<iframe loading=\"lazy\" width=\"760\" height=\"315\" src=\"https:\/\/www.youtube.com\/embed\/x9tOozghjig?si=Q2ztKLsyI3RxFLmi\" title=\"YouTube video player\" frameborder=\"0\" allow=\"accelerometer; autoplay; clipboard-write; encrypted-media; gyroscope; picture-in-picture; web-share\" allowfullscreen=\"\"><\/iframe>\n<\/div>\n\n\n\n<div class=\"wp-container-9 wp-block-column\" style=\"flex-basis:25%\"><\/div>\n<\/div>\n\n\n\n<div class=\"wp-container-11 is-content-justification-center wp-block-buttons\">\n<div class=\"wp-block-button\"><a class=\"wp-block-button__link\" href=\"mailto: andrej.zdesar@fe.uni-lj.si\">VE\u010c INFORMACIJ (e-mail kontakt)<\/a><\/div>\n<\/div>\n\n\n\n<div style=\"height:16px\" aria-hidden=\"true\" class=\"wp-block-spacer\"><\/div>\n\n\n\n<hr class=\"wp-block-separator has-alpha-channel-opacity\" id=\"block-205aed21-f106-4817-b3ac-1dc59017433e\"\/>\n\n\n\n<div style=\"height:16px\" aria-hidden=\"true\" class=\"wp-block-spacer\"><\/div>\n\n\n<div class=\"wp-block-image\">\n<figure class=\"aligncenter\" id=\"block-6ae3d187-3289-4919-92e1-0347ed446d61\"><img src=\"https:\/\/dnevi-avtomatike.si\/wp-content\/uploads\/2019\/01\/Avtomatiki-vodimo-svet-na-bolje-1.png\" alt=\"Ta slika ima prazen atribut alt; ime datoteke je Avtomatiki-vodimo-svet-na-bolje-1.png\"\/><\/figure><\/div>\n\n\n<figure class=\"wp-block-image size-large\"><img loading=\"lazy\" width=\"1024\" height=\"95\" src=\"https:\/\/dnevi-avtomatike.si\/wp-content\/uploads\/2025\/01\/image-4-1024x95.png\" alt=\"\" class=\"wp-image-8723\" srcset=\"https:\/\/dnevi-avtomatike.si\/wp-content\/uploads\/2025\/01\/image-4-1024x95.png 1024w, https:\/\/dnevi-avtomatike.si\/wp-content\/uploads\/2025\/01\/image-4-300x28.png 300w, https:\/\/dnevi-avtomatike.si\/wp-content\/uploads\/2025\/01\/image-4-768x72.png 768w, https:\/\/dnevi-avtomatike.si\/wp-content\/uploads\/2025\/01\/image-4-1536x143.png 1536w, https:\/\/dnevi-avtomatike.si\/wp-content\/uploads\/2025\/01\/image-4.png 1652w\" sizes=\"(max-width: 1024px) 100vw, 1024px\" \/><\/figure>\n","protected":false},"excerpt":{"rendered":"<p>FuzbAI 2026 &#8211; Ustvari algoritem, ki premaga \u010dloveka. Tekmovanje za \u0161tudente Univerze v Ljubljani, kjer teorija sre\u010da prakso, ekipe pa svoje znanje preizkusijo na avtonomnem namiznem nogometu. FuzbAI \u010casovnica Prijava ekipe do 15. 1. 2026 Mentorskapodpora Vmesni treningi,pizza in dru\u017eenje Tekmovanje bo 21. 04. 2026 Izziv obravnava izdelavo algoritma vodenja z umetno inteligenco, ki bo [&hellip;]<\/p>\n","protected":false},"author":4,"featured_media":0,"parent":0,"menu_order":0,"comment_status":"closed","ping_status":"closed","template":"","meta":[],"_links":{"self":[{"href":"https:\/\/dnevi-avtomatike.si\/index.php?rest_route=\/wp\/v2\/pages\/8469"}],"collection":[{"href":"https:\/\/dnevi-avtomatike.si\/index.php?rest_route=\/wp\/v2\/pages"}],"about":[{"href":"https:\/\/dnevi-avtomatike.si\/index.php?rest_route=\/wp\/v2\/types\/page"}],"author":[{"embeddable":true,"href":"https:\/\/dnevi-avtomatike.si\/index.php?rest_route=\/wp\/v2\/users\/4"}],"replies":[{"embeddable":true,"href":"https:\/\/dnevi-avtomatike.si\/index.php?rest_route=%2Fwp%2Fv2%2Fcomments&post=8469"}],"version-history":[{"count":63,"href":"https:\/\/dnevi-avtomatike.si\/index.php?rest_route=\/wp\/v2\/pages\/8469\/revisions"}],"predecessor-version":[{"id":8867,"href":"https:\/\/dnevi-avtomatike.si\/index.php?rest_route=\/wp\/v2\/pages\/8469\/revisions\/8867"}],"wp:attachment":[{"href":"https:\/\/dnevi-avtomatike.si\/index.php?rest_route=%2Fwp%2Fv2%2Fmedia&parent=8469"}],"curies":[{"name":"wp","href":"https:\/\/api.w.org\/{rel}","templated":true}]}}